{"id":9,"date":"2015-02-10T19:21:19","date_gmt":"2015-02-10T19:21:19","guid":{"rendered":"https:\/\/avada.theme-fusion.com_demos\/architecture\/?page_id=9"},"modified":"2025-07-13T19:04:25","modified_gmt":"2025-07-13T19:04:25","slug":"about-the-view-villas-realty","status":"publish","type":"page","link":"https:\/\/viewvillasrealty.com\/fr\/about-the-view-villas-realty\/","title":{"rendered":"\u00c0 Propos"},"content":{"rendered":"<div class=\"fusion-fullwidth fullwidth-box fusion-builder-row-1 fusion-flex-container nonhundred-percent-fullwidth non-hundred-percent-height-scrolling\" style=\"--awb-background-position:left top;--awb-border-sizes-top:0px;--awb-border-sizes-bottom:0px;--awb-border-sizes-left:0px;--awb-border-sizes-right:0px;--awb-border-radius-top-left:0px;--awb-border-radius-top-right:0px;--awb-border-radius-bottom-right:0px;--awb-border-radius-bottom-left:0px;--awb-padding-top:120px;--awb-padding-bottom:120px;--awb-padding-top-small:70px;--awb-padding-bottom-small:120px;--awb-flex-wrap:wrap;\" ><div class=\"fusion-builder-row fusion-row fusion-flex-align-items-flex-start fusion-flex-content-wrap\" style=\"max-width:1216.8px;margin-left: calc(-4% \/ 2 );margin-right: calc(-4% \/ 2 );\"><div class=\"fusion-layout-column fusion_builder_column fusion-builder-column-0 fusion_builder_column_1_2 1_2 fusion-flex-column\" style=\"--awb-bg-blend:overlay;--awb-bg-size:cover;--awb-width-large:50%;--awb-margin-top-large:0px;--awb-spacing-right-large:3.84%;--awb-margin-bottom-large:20px;--awb-spacing-left-large:3.84%;--awb-width-medium:100%;--awb-spacing-right-medium:1.92%;--awb-spacing-left-medium:1.92%;--awb-width-small:100%;--awb-spacing-right-small:1.92%;--awb-spacing-left-small:1.92%;\"><div class=\"fusion-column-wrapper fusion-flex-justify-content-flex-start fusion-content-layout-column\"><div class=\"fusion-title title fusion-title-1 fusion-sep-none fusion-title-text fusion-title-size-two\" style=\"--awb-margin-bottom:50px;--awb-margin-top-small:0px;--awb-margin-right-small:0px;--awb-margin-bottom-small:20px;--awb-margin-left-small:0px;\"><h2 class=\"fusion-title-heading title-heading-left fusion-responsive-typography-calculated\" style=\"font-family:&quot;Raleway&quot;;font-style:normal;font-weight:300;margin:0;text-transform:capitalize;--fontSize:48;line-height:var(--awb-typography1-line-height);\">CE QUE NOUS FAISONS<\/h2><\/div><div class=\"fusion-title title fusion-title-2 fusion-sep-none fusion-title-text fusion-title-size-four\" style=\"--awb-margin-bottom:50px;--awb-margin-top-small:0px;--awb-margin-right-small:0px;--awb-margin-bottom-small:20px;--awb-margin-left-small:0px;\"><h4 class=\"fusion-title-heading title-heading-left fusion-responsive-typography-calculated\" style=\"font-family:&quot;Raleway&quot;;font-style:normal;font-weight:300;margin:0;text-transform:capitalize;--fontSize:24;line-height:var(--awb-typography1-line-height);\">Faciliter votre transition vers la vie insulaire<\/h4><\/div><div class=\"fusion-separator\" style=\"align-self: flex-start;margin-right:auto;margin-top:0px;margin-bottom:40px;width:100%;max-width:170px;\"><div class=\"fusion-separator-border sep-single sep-solid\" style=\"--awb-height:20px;--awb-amount:20px;--awb-sep-color:var(--awb-color3);border-color:var(--awb-color3);border-top-width:3px;\"><\/div><\/div><div class=\"fusion-text fusion-text-1\" style=\"--awb-font-size:20px;--awb-line-height:var(--awb-typography2-line-height);--awb-letter-spacing:var(--awb-typography2-letter-spacing);--awb-text-font-family:var(--awb-typography2-font-family);--awb-text-font-weight:var(--awb-typography2-font-weight);--awb-text-font-style:var(--awb-typography2-font-style);\"><p>Chez The View Villas Realty, nous sommes votre interlocuteur unique pour l\u2019achat et la vente de biens immobiliers sur les \u00eeles au large d\u2019Ath\u00e8nes. \u00c9gine est notre chez-nous depuis des d\u00e9cennies \u2013 et nous disposons de tous les contacts n\u00e9cessaires pour concr\u00e9tiser votre projet immobilier.<\/p>\n<\/div><div class=\"fusion-separator\" style=\"align-self: flex-start;margin-right:auto;margin-top:0px;margin-bottom:30px;width:100%;max-width:170px;\"><\/div><div class=\"fusion-text fusion-text-2 fusion-text-no-margin\" style=\"--awb-margin-top:-15px;--awb-margin-bottom:70px;--awb-text-font-family:&quot;Roboto&quot;;--awb-text-font-style:normal;--awb-text-font-weight:300;\"><p>Parce que nous sommes locaux, nous connaissons parfaitement le march\u00e9 et avons construit un r\u00e9seau incomparable. Cela nous permet de s\u00e9lectionner des propri\u00e9t\u00e9s correspondant pr\u00e9cis\u00e9ment \u00e0 la liste de souhaits de nos clients. Et tout au long du processus, nous sommes l\u00e0 pour vous aider \u00e0 naviguer dans les d\u00e9marches administratives.<\/p>\n<p>Nous pouvons vous mettre en relation avec des contacts de confiance sur toute l\u2019\u00eele, tels que banques, avocats, notaires, autorit\u00e9s locales et prestataires de services. Si vous avez besoin de travaux, nous vous aiderons \u00e0 trouver les bons artisans. Et comme nous parlons couramment trois langues (anglais, fran\u00e7ais, grec), nous garantissons une communication transparente et des \u00e9changes fluides.<\/p>\n<\/div><div class=\"fusion-image-element fusion-no-medium-visibility fusion-no-large-visibility\" style=\"--awb-aspect-ratio:9 \/ 16;--awb-object-position:46% 15%;--awb-caption-title-font-family:var(--h2_typography-font-family);--awb-caption-title-font-weight:var(--h2_typography-font-weight);--awb-caption-title-font-style:var(--h2_typography-font-style);--awb-caption-title-size:var(--h2_typography-font-size);--awb-caption-title-transform:var(--h2_typography-text-transform);--awb-caption-title-line-height:var(--h2_typography-line-height);--awb-caption-title-letter-spacing:var(--h2_typography-letter-spacing);\"><span class=\"fusion-imageframe imageframe-none imageframe-1 hover-type-none has-aspect-ratio\"><img decoding=\"async\" width=\"1707\" height=\"2560\" alt=\"Outside door with a door knocker\" title=\"Welcome home\" src=\"https:\/\/viewvillasrealty.com\/wp-content\/uploads\/2024\/07\/824A8678-scaled.jpg\" data-orig-src=\"https:\/\/viewvillasrealty.com\/wp-content\/uploads\/2024\/07\/824A8678-scaled.jpg\" class=\"lazyload img-responsive wp-image-1012 img-with-aspect-ratio\" data-parent-fit=\"cover\" data-parent-container=\".fusion-image-element\" srcset=\"data:image\/svg+xml,%3Csvg%20xmlns%3D%27http%3A%2F%2Fwww.w3.org%2F2000%2Fsvg%27%20width%3D%271707%27%20height%3D%272560%27%20viewBox%3D%270%200%201707%202560%27%3E%3Crect%20width%3D%271707%27%20height%3D%272560%27%20fill-opacity%3D%220%22%2F%3E%3C%2Fsvg%3E\" data-srcset=\"https:\/\/viewvillasrealty.com\/wp-content\/uploads\/2024\/07\/824A8678-200x300.jpg 200w, https:\/\/viewvillasrealty.com\/wp-content\/uploads\/2024\/07\/824A8678-400x600.jpg 400w, https:\/\/viewvillasrealty.com\/wp-content\/uploads\/2024\/07\/824A8678-600x900.jpg 600w, https:\/\/viewvillasrealty.com\/wp-content\/uploads\/2024\/07\/824A8678-800x1200.jpg 800w, https:\/\/viewvillasrealty.com\/wp-content\/uploads\/2024\/07\/824A8678-1200x1800.jpg 1200w, https:\/\/viewvillasrealty.com\/wp-content\/uploads\/2024\/07\/824A8678-scaled.jpg 1707w\" data-sizes=\"auto\" data-orig-sizes=\"(max-width: 800px) 100vw, (max-width: 640px) 100vw, 600px\" \/><\/span><\/div><\/div><\/div><div class=\"fusion-layout-column fusion_builder_column fusion-builder-column-1 fusion_builder_column_1_2 1_2 fusion-flex-column fusion-no-small-visibility\" style=\"--awb-bg-blend:overlay;--awb-bg-size:cover;--awb-width-large:50%;--awb-margin-top-large:0px;--awb-spacing-right-large:3.84%;--awb-margin-bottom-large:20px;--awb-spacing-left-large:3.84%;--awb-width-medium:100%;--awb-spacing-right-medium:1.92%;--awb-spacing-left-medium:1.92%;--awb-width-small:100%;--awb-spacing-right-small:1.92%;--awb-spacing-left-small:1.92%;\"><div class=\"fusion-column-wrapper fusion-flex-justify-content-flex-start fusion-content-layout-column\"><div class=\"fusion-image-element\" style=\"--awb-caption-overlay-color:var(--awb-color8);--awb-caption-title-font-family:var(--h3_typography-font-family);--awb-caption-title-font-weight:var(--h3_typography-font-weight);--awb-caption-title-font-style:var(--h3_typography-font-style);--awb-caption-title-size:var(--h3_typography-font-size);--awb-caption-title-transform:var(--h3_typography-text-transform);--awb-caption-title-line-height:var(--h3_typography-line-height);--awb-caption-title-letter-spacing:var(--h3_typography-letter-spacing);\"><span class=\"fusion-imageframe imageframe-none imageframe-2 awb-imageframe-style awb-imageframe-style-resa\"><img decoding=\"async\" width=\"1707\" height=\"2560\" alt=\"outside door with a door knocker\" title=\"Welcome home\" src=\"https:\/\/viewvillasrealty.com\/wp-content\/uploads\/2024\/07\/824A8678-scaled.jpg\" data-orig-src=\"https:\/\/viewvillasrealty.com\/wp-content\/uploads\/2024\/07\/824A8678-scaled.jpg\" class=\"lazyload img-responsive wp-image-1012\" srcset=\"data:image\/svg+xml,%3Csvg%20xmlns%3D%27http%3A%2F%2Fwww.w3.org%2F2000%2Fsvg%27%20width%3D%271707%27%20height%3D%272560%27%20viewBox%3D%270%200%201707%202560%27%3E%3Crect%20width%3D%271707%27%20height%3D%272560%27%20fill-opacity%3D%220%22%2F%3E%3C%2Fsvg%3E\" data-srcset=\"https:\/\/viewvillasrealty.com\/wp-content\/uploads\/2024\/07\/824A8678-200x300.jpg 200w, https:\/\/viewvillasrealty.com\/wp-content\/uploads\/2024\/07\/824A8678-400x600.jpg 400w, https:\/\/viewvillasrealty.com\/wp-content\/uploads\/2024\/07\/824A8678-600x900.jpg 600w, https:\/\/viewvillasrealty.com\/wp-content\/uploads\/2024\/07\/824A8678-800x1200.jpg 800w, https:\/\/viewvillasrealty.com\/wp-content\/uploads\/2024\/07\/824A8678-1200x1800.jpg 1200w, https:\/\/viewvillasrealty.com\/wp-content\/uploads\/2024\/07\/824A8678-scaled.jpg 1707w\" data-sizes=\"auto\" data-orig-sizes=\"(max-width: 800px) 100vw, (max-width: 640px) 100vw, 600px\" \/><div class=\"awb-imageframe-caption-container\"><div class=\"awb-imageframe-caption\"><h3 class=\"awb-imageframe-caption-title\">Philoxenia<\/h3><\/div><\/div><\/span><\/div><\/div><\/div><\/div><\/div>","protected":false},"excerpt":{"rendered":"","protected":false},"author":1,"featured_media":0,"parent":0,"menu_order":0,"comment_status":"closed","ping_status":"open","template":"100-width.php","meta":{"inline_featured_image":false,"footnotes":""},"class_list":["post-9","page","type-page","status-publish","hentry"],"yoast_head":"<!-- This site is optimized with the Yoast SEO plugin v27.5 - https:\/\/yoast.com\/product\/yoast-seo-wordpress\/ -->\n<title>About The View Villas Realty - The View Villas Realty - About<\/title>\n<meta name=\"description\" content=\"At the View Villas Realty, we\u2019re your one-stop shop for acquiring and selling property on the islands off the coast of Athens.\" \/>\n<meta name=\"robots\" content=\"index, follow, max-snippet:-1, max-image-preview:large, max-video-preview:-1\" \/>\n<link rel=\"canonical\" href=\"https:\/\/viewvillasrealty.com\/fr\/about-the-view-villas-realty\/\" \/>\n<meta property=\"og:locale\" content=\"fr_FR\" \/>\n<meta property=\"og:type\" content=\"article\" \/>\n<meta property=\"og:title\" content=\"About The View Villas Realty - The View Villas Realty - About\" \/>\n<meta property=\"og:description\" content=\"At the View Villas Realty, we\u2019re your one-stop shop for acquiring and selling property on the islands off the coast of Athens.\" \/>\n<meta property=\"og:url\" content=\"https:\/\/viewvillasrealty.com\/fr\/about-the-view-villas-realty\/\" \/>\n<meta property=\"og:site_name\" content=\"The View Villas Realty\" \/>\n<meta property=\"article:modified_time\" content=\"2025-07-13T19:04:25+00:00\" \/>\n<meta name=\"twitter:card\" content=\"summary_large_image\" \/>\n<meta name=\"twitter:label1\" content=\"Dur\u00e9e de lecture estim\u00e9e\" \/>\n\t<meta name=\"twitter:data1\" content=\"2 minutes\" \/>\n<script type=\"application\/ld+json\" class=\"yoast-schema-graph\">{\"@context\":\"https:\\\/\\\/schema.org\",\"@graph\":[{\"@type\":\"WebPage\",\"@id\":\"https:\\\/\\\/viewvillasrealty.com\\\/about-the-view-villas-realty\\\/\",\"url\":\"https:\\\/\\\/viewvillasrealty.com\\\/about-the-view-villas-realty\\\/\",\"name\":\"About The View Villas Realty - The View Villas Realty - About\",\"isPartOf\":{\"@id\":\"https:\\\/\\\/viewvillasrealty.com\\\/#website\"},\"datePublished\":\"2015-02-10T19:21:19+00:00\",\"dateModified\":\"2025-07-13T19:04:25+00:00\",\"description\":\"At the View Villas Realty, we\u2019re your one-stop shop for acquiring and selling property on the islands off the coast of Athens.\",\"breadcrumb\":{\"@id\":\"https:\\\/\\\/viewvillasrealty.com\\\/about-the-view-villas-realty\\\/#breadcrumb\"},\"inLanguage\":\"fr-FR\",\"potentialAction\":[{\"@type\":\"ReadAction\",\"target\":[\"https:\\\/\\\/viewvillasrealty.com\\\/about-the-view-villas-realty\\\/\"]}]},{\"@type\":\"BreadcrumbList\",\"@id\":\"https:\\\/\\\/viewvillasrealty.com\\\/about-the-view-villas-realty\\\/#breadcrumb\",\"itemListElement\":[{\"@type\":\"ListItem\",\"position\":1,\"name\":\"Home\",\"item\":\"https:\\\/\\\/viewvillasrealty.com\\\/\"},{\"@type\":\"ListItem\",\"position\":2,\"name\":\"About\"}]},{\"@type\":\"WebSite\",\"@id\":\"https:\\\/\\\/viewvillasrealty.com\\\/#website\",\"url\":\"https:\\\/\\\/viewvillasrealty.com\\\/\",\"name\":\"The View Villas Realty\",\"description\":\"Real estate agency\",\"publisher\":{\"@id\":\"https:\\\/\\\/viewvillasrealty.com\\\/#organization\"},\"potentialAction\":[{\"@type\":\"SearchAction\",\"target\":{\"@type\":\"EntryPoint\",\"urlTemplate\":\"https:\\\/\\\/viewvillasrealty.com\\\/?s={search_term_string}\"},\"query-input\":{\"@type\":\"PropertyValueSpecification\",\"valueRequired\":true,\"valueName\":\"search_term_string\"}}],\"inLanguage\":\"fr-FR\"},{\"@type\":\"Organization\",\"@id\":\"https:\\\/\\\/viewvillasrealty.com\\\/#organization\",\"name\":\"The View Villas Realty\",\"url\":\"https:\\\/\\\/viewvillasrealty.com\\\/\",\"logo\":{\"@type\":\"ImageObject\",\"inLanguage\":\"fr-FR\",\"@id\":\"https:\\\/\\\/viewvillasrealty.com\\\/#\\\/schema\\\/logo\\\/image\\\/\",\"url\":\"https:\\\/\\\/viewvillasrealty.com\\\/wp-content\\\/uploads\\\/2025\\\/02\\\/Frame-26.jpg\",\"contentUrl\":\"https:\\\/\\\/viewvillasrealty.com\\\/wp-content\\\/uploads\\\/2025\\\/02\\\/Frame-26.jpg\",\"width\":512,\"height\":277,\"caption\":\"The View Villas Realty\"},\"image\":{\"@id\":\"https:\\\/\\\/viewvillasrealty.com\\\/#\\\/schema\\\/logo\\\/image\\\/\"},\"sameAs\":[\"https:\\\/\\\/www.instagram.com\\\/viewvillas\\\/\"]}]}<\/script>\n<!-- \/ Yoast SEO plugin. -->","yoast_head_json":{"title":"About The View Villas Realty - The View Villas Realty - About","description":"At the View Villas Realty, we\u2019re your one-stop shop for acquiring and selling property on the islands off the coast of Athens.","robots":{"index":"index","follow":"follow","max-snippet":"max-snippet:-1","max-image-preview":"max-image-preview:large","max-video-preview":"max-video-preview:-1"},"canonical":"https:\/\/viewvillasrealty.com\/fr\/about-the-view-villas-realty\/","og_locale":"fr_FR","og_type":"article","og_title":"About The View Villas Realty - The View Villas Realty - About","og_description":"At the View Villas Realty, we\u2019re your one-stop shop for acquiring and selling property on the islands off the coast of Athens.","og_url":"https:\/\/viewvillasrealty.com\/fr\/about-the-view-villas-realty\/","og_site_name":"The View Villas Realty","article_modified_time":"2025-07-13T19:04:25+00:00","twitter_card":"summary_large_image","twitter_misc":{"Dur\u00e9e de lecture estim\u00e9e":"2 minutes"},"schema":{"@context":"https:\/\/schema.org","@graph":[{"@type":"WebPage","@id":"https:\/\/viewvillasrealty.com\/about-the-view-villas-realty\/","url":"https:\/\/viewvillasrealty.com\/about-the-view-villas-realty\/","name":"About The View Villas Realty - The View Villas Realty - About","isPartOf":{"@id":"https:\/\/viewvillasrealty.com\/#website"},"datePublished":"2015-02-10T19:21:19+00:00","dateModified":"2025-07-13T19:04:25+00:00","description":"At the View Villas Realty, we\u2019re your one-stop shop for acquiring and selling property on the islands off the coast of Athens.","breadcrumb":{"@id":"https:\/\/viewvillasrealty.com\/about-the-view-villas-realty\/#breadcrumb"},"inLanguage":"fr-FR","potentialAction":[{"@type":"ReadAction","target":["https:\/\/viewvillasrealty.com\/about-the-view-villas-realty\/"]}]},{"@type":"BreadcrumbList","@id":"https:\/\/viewvillasrealty.com\/about-the-view-villas-realty\/#breadcrumb","itemListElement":[{"@type":"ListItem","position":1,"name":"Home","item":"https:\/\/viewvillasrealty.com\/"},{"@type":"ListItem","position":2,"name":"About"}]},{"@type":"WebSite","@id":"https:\/\/viewvillasrealty.com\/#website","url":"https:\/\/viewvillasrealty.com\/","name":"The View Villas Realty","description":"Real estate agency","publisher":{"@id":"https:\/\/viewvillasrealty.com\/#organization"},"potentialAction":[{"@type":"SearchAction","target":{"@type":"EntryPoint","urlTemplate":"https:\/\/viewvillasrealty.com\/?s={search_term_string}"},"query-input":{"@type":"PropertyValueSpecification","valueRequired":true,"valueName":"search_term_string"}}],"inLanguage":"fr-FR"},{"@type":"Organization","@id":"https:\/\/viewvillasrealty.com\/#organization","name":"The View Villas Realty","url":"https:\/\/viewvillasrealty.com\/","logo":{"@type":"ImageObject","inLanguage":"fr-FR","@id":"https:\/\/viewvillasrealty.com\/#\/schema\/logo\/image\/","url":"https:\/\/viewvillasrealty.com\/wp-content\/uploads\/2025\/02\/Frame-26.jpg","contentUrl":"https:\/\/viewvillasrealty.com\/wp-content\/uploads\/2025\/02\/Frame-26.jpg","width":512,"height":277,"caption":"The View Villas Realty"},"image":{"@id":"https:\/\/viewvillasrealty.com\/#\/schema\/logo\/image\/"},"sameAs":["https:\/\/www.instagram.com\/viewvillas\/"]}]}},"_links":{"self":[{"href":"https:\/\/viewvillasrealty.com\/fr\/wp-json\/wp\/v2\/pages\/9","targetHints":{"allow":["GET"]}}],"collection":[{"href":"https:\/\/viewvillasrealty.com\/fr\/wp-json\/wp\/v2\/pages"}],"about":[{"href":"https:\/\/viewvillasrealty.com\/fr\/wp-json\/wp\/v2\/types\/page"}],"author":[{"embeddable":true,"href":"https:\/\/viewvillasrealty.com\/fr\/wp-json\/wp\/v2\/users\/1"}],"replies":[{"embeddable":true,"href":"https:\/\/viewvillasrealty.com\/fr\/wp-json\/wp\/v2\/comments?post=9"}],"version-history":[{"count":75,"href":"https:\/\/viewvillasrealty.com\/fr\/wp-json\/wp\/v2\/pages\/9\/revisions"}],"predecessor-version":[{"id":2472,"href":"https:\/\/viewvillasrealty.com\/fr\/wp-json\/wp\/v2\/pages\/9\/revisions\/2472"}],"wp:attachment":[{"href":"https:\/\/viewvillasrealty.com\/fr\/wp-json\/wp\/v2\/media?parent=9"}],"curies":[{"name":"wp","href":"https:\/\/api.w.org\/{rel}","templated":true}]}}