{"id":1635,"date":"2024-09-28T20:52:39","date_gmt":"2024-09-28T20:52:39","guid":{"rendered":"https:\/\/viewvillasrealty.com\/?page_id=1635"},"modified":"2025-07-13T19:00:32","modified_gmt":"2025-07-13T19:00:32","slug":"contact-us-to-find-your-new-home","status":"publish","type":"page","link":"https:\/\/viewvillasrealty.com\/fr\/contact-us-to-find-your-new-home\/","title":{"rendered":"Contact"},"content":{"rendered":"<div class=\"fusion-fullwidth fullwidth-box fusion-builder-row-1 fusion-flex-container nonhundred-percent-fullwidth non-hundred-percent-height-scrolling\" style=\"--awb-background-position:left top;--awb-border-sizes-top:0px;--awb-border-sizes-bottom:0px;--awb-border-sizes-left:0px;--awb-border-sizes-right:0px;--awb-border-radius-top-left:0px;--awb-border-radius-top-right:0px;--awb-border-radius-bottom-right:0px;--awb-border-radius-bottom-left:0px;--awb-padding-top:120px;--awb-padding-bottom:120px;--awb-padding-top-small:70px;--awb-padding-bottom-small:120px;--awb-flex-wrap:wrap;\" ><div class=\"fusion-builder-row fusion-row fusion-flex-align-items-flex-start fusion-flex-content-wrap\" style=\"max-width:1216.8px;margin-left: calc(-4% \/ 2 );margin-right: calc(-4% \/ 2 );\"><div class=\"fusion-layout-column fusion_builder_column fusion-builder-column-0 fusion_builder_column_3_5 3_5 fusion-flex-column\" style=\"--awb-bg-blend:overlay;--awb-bg-size:cover;--awb-width-large:60%;--awb-margin-top-large:0px;--awb-spacing-right-large:3.2%;--awb-margin-bottom-large:20px;--awb-spacing-left-large:3.2%;--awb-width-medium:100%;--awb-spacing-right-medium:1.92%;--awb-spacing-left-medium:1.92%;--awb-width-small:100%;--awb-spacing-right-small:1.92%;--awb-spacing-left-small:1.92%;\"><div class=\"fusion-column-wrapper fusion-flex-justify-content-flex-start fusion-content-layout-column\"><div class=\"fusion-title title fusion-title-1 fusion-sep-none fusion-title-text fusion-title-size-two\" style=\"--awb-margin-bottom:50px;--awb-margin-top-small:0px;--awb-margin-right-small:0px;--awb-margin-bottom-small:20px;--awb-margin-left-small:0px;\"><h2 class=\"fusion-title-heading title-heading-left fusion-responsive-typography-calculated\" style=\"font-family:&quot;Raleway&quot;;font-style:normal;font-weight:300;margin:0;text-transform:capitalize;--fontSize:48;line-height:var(--awb-typography1-line-height);\">Trouver votre nouvelle maison<\/h2><\/div><div class=\"fusion-separator\" style=\"align-self: flex-start;margin-right:auto;margin-top:0px;margin-bottom:40px;width:100%;max-width:170px;\"><div class=\"fusion-separator-border sep-single sep-solid\" style=\"--awb-height:20px;--awb-amount:20px;--awb-sep-color:var(--awb-color3);border-color:var(--awb-color3);border-top-width:3px;\"><\/div><\/div><div class=\"fusion-text fusion-text-1\" style=\"--awb-font-size:20px;--awb-line-height:var(--awb-typography2-line-height);--awb-letter-spacing:var(--awb-typography2-letter-spacing);--awb-text-font-family:var(--awb-typography2-font-family);--awb-text-font-weight:var(--awb-typography2-font-weight);--awb-text-font-style:var(--awb-typography2-font-style);\"><p>Contactez-nous d\u00e8s maintenant pour trouver votre nouveau chez-vous. D\u00e9couvrez nos biens immobiliers et planifiez une visite. Nous serons ravis de r\u00e9pondre \u00e0 toutes vos questions. Il vous suffit de nous contacter par l\u2019un des moyens suivants :<\/p>\n<\/div><div class=\"fusion-text fusion-text-2\" style=\"--awb-font-size:16px;--awb-text-font-family:&quot;Roboto&quot;;--awb-text-font-style:normal;--awb-text-font-weight:300;\"><p><strong>ADDRESSE<\/strong><\/p>\n<p><a href=\"https:\/\/www.google.fr\/maps\/place\/The+View+Villas+Aegina+-+Eucalyptus+Villa\/@37.7009591,23.4715658,17z\/data=!3m1!4b1!4m9!3m8!1s0x14a1d3e3bc6ac587:0x557bd21a6a367269!5m2!4m1!1i2!8m2!3d37.7009591!4d23.4715658!16s%2Fg%2F11j4ctgr2x?entry=ttu\">42 Efkalypton St. Aegina, 18010 PO Box 91<\/a><\/p>\n<p><strong>EMAIL<\/strong><\/p>\n<p><a href=\"mailto:info@theview.villas\">info@theview.villas<\/a><\/p>\n<p><strong>T\u00c9L\u00c9PHONE<\/strong><\/p>\n<p><a href=\"tel:+306987254029\">+306987254029<\/a><\/p>\n<\/div><div class=\"fusion-separator\" style=\"align-self: flex-start;margin-right:auto;margin-top:0px;margin-bottom:30px;width:100%;max-width:170px;\"><\/div><\/div><\/div><div class=\"fusion-layout-column fusion_builder_column fusion-builder-column-1 fusion_builder_column_2_5 2_5 fusion-flex-column\" style=\"--awb-bg-blend:overlay;--awb-bg-size:cover;--awb-width-large:40%;--awb-margin-top-large:0px;--awb-spacing-right-large:4.8%;--awb-margin-bottom-large:20px;--awb-spacing-left-large:4.8%;--awb-width-medium:100%;--awb-order-medium:0;--awb-spacing-right-medium:1.92%;--awb-spacing-left-medium:1.92%;--awb-width-small:100%;--awb-order-small:0;--awb-spacing-right-small:1.92%;--awb-spacing-left-small:1.92%;\" data-scroll-devices=\"small-visibility,medium-visibility,large-visibility\"><div class=\"fusion-column-wrapper fusion-column-has-shadow fusion-flex-justify-content-flex-start fusion-content-layout-column\"><div class=\"fusion-image-element\" style=\"--awb-aspect-ratio:9 \/ 16;--awb-caption-overlay-color:var(--awb-color8);--awb-caption-title-font-family:var(--h3_typography-font-family);--awb-caption-title-font-weight:var(--h3_typography-font-weight);--awb-caption-title-font-style:var(--h3_typography-font-style);--awb-caption-title-size:var(--h3_typography-font-size);--awb-caption-title-transform:var(--h3_typography-text-transform);--awb-caption-title-line-height:var(--h3_typography-line-height);--awb-caption-title-letter-spacing:var(--h3_typography-letter-spacing);\"><span class=\"fusion-imageframe imageframe-none imageframe-1 awb-imageframe-style awb-imageframe-style-resa has-aspect-ratio\"><img decoding=\"async\" width=\"2560\" height=\"2560\" alt=\"Ivy growing on a wooden fence\" title=\"Ivy\" src=\"https:\/\/viewvillasrealty.com\/wp-content\/uploads\/2025\/03\/1R8A3531-scaled.jpg\" data-orig-src=\"https:\/\/viewvillasrealty.com\/wp-content\/uploads\/2025\/03\/1R8A3531-scaled.jpg\" class=\"lazyload img-responsive wp-image-1983 img-with-aspect-ratio\" data-parent-fit=\"cover\" data-parent-container=\".fusion-image-element\" srcset=\"data:image\/svg+xml,%3Csvg%20xmlns%3D%27http%3A%2F%2Fwww.w3.org%2F2000%2Fsvg%27%20width%3D%272560%27%20height%3D%272560%27%20viewBox%3D%270%200%202560%202560%27%3E%3Crect%20width%3D%272560%27%20height%3D%272560%27%20fill-opacity%3D%220%22%2F%3E%3C%2Fsvg%3E\" data-srcset=\"https:\/\/viewvillasrealty.com\/wp-content\/uploads\/2025\/03\/1R8A3531-200x200.jpg 200w, https:\/\/viewvillasrealty.com\/wp-content\/uploads\/2025\/03\/1R8A3531-400x400.jpg 400w, https:\/\/viewvillasrealty.com\/wp-content\/uploads\/2025\/03\/1R8A3531-600x600.jpg 600w, https:\/\/viewvillasrealty.com\/wp-content\/uploads\/2025\/03\/1R8A3531-800x800.jpg 800w, https:\/\/viewvillasrealty.com\/wp-content\/uploads\/2025\/03\/1R8A3531-1200x1200.jpg 1200w, https:\/\/viewvillasrealty.com\/wp-content\/uploads\/2025\/03\/1R8A3531-scaled.jpg 2560w\" data-sizes=\"auto\" data-orig-sizes=\"(max-width: 800px) 100vw, (max-width: 640px) 100vw, 600px\" \/><div class=\"awb-imageframe-caption-container\"><div class=\"awb-imageframe-caption\"><h3 class=\"awb-imageframe-caption-title\">Espaces vertes<\/h3><\/div><\/div><\/span><\/div><\/div><\/div><\/div><\/div>","protected":false},"excerpt":{"rendered":"","protected":false},"author":1,"featured_media":0,"parent":0,"menu_order":0,"comment_status":"closed","ping_status":"closed","template":"100-width.php","meta":{"inline_featured_image":false,"footnotes":""},"class_list":["post-1635","page","type-page","status-publish","hentry"],"yoast_head":"<!-- This site is optimized with the Yoast SEO plugin v27.5 - https:\/\/yoast.com\/product\/yoast-seo-wordpress\/ -->\n<title>Contact us to find your new home - The View Villas Realty<\/title>\n<meta name=\"description\" content=\"This is the contact page for the View Villas Realty company. Please contact us using the following methods to find your dream home\" \/>\n<meta name=\"robots\" content=\"index, follow, max-snippet:-1, max-image-preview:large, max-video-preview:-1\" \/>\n<link rel=\"canonical\" href=\"https:\/\/viewvillasrealty.com\/fr\/contact-us-to-find-your-new-home\/\" \/>\n<meta property=\"og:locale\" content=\"fr_FR\" \/>\n<meta property=\"og:type\" content=\"article\" \/>\n<meta property=\"og:title\" content=\"Contact us to find your new home - The View Villas Realty\" \/>\n<meta property=\"og:description\" content=\"This is the contact page for the View Villas Realty company. Please contact us using the following methods to find your dream home\" \/>\n<meta property=\"og:url\" content=\"https:\/\/viewvillasrealty.com\/fr\/contact-us-to-find-your-new-home\/\" \/>\n<meta property=\"og:site_name\" content=\"The View Villas Realty\" \/>\n<meta property=\"article:modified_time\" content=\"2025-07-13T19:00:32+00:00\" \/>\n<meta name=\"twitter:card\" content=\"summary_large_image\" \/>\n<meta name=\"twitter:label1\" content=\"Dur\u00e9e de lecture estim\u00e9e\" \/>\n\t<meta name=\"twitter:data1\" content=\"1 minute\" \/>\n<script type=\"application\/ld+json\" class=\"yoast-schema-graph\">{\"@context\":\"https:\\\/\\\/schema.org\",\"@graph\":[{\"@type\":\"WebPage\",\"@id\":\"https:\\\/\\\/viewvillasrealty.com\\\/contact-us-to-find-your-new-home\\\/\",\"url\":\"https:\\\/\\\/viewvillasrealty.com\\\/contact-us-to-find-your-new-home\\\/\",\"name\":\"Contact us to find your new home - The View Villas Realty\",\"isPartOf\":{\"@id\":\"https:\\\/\\\/viewvillasrealty.com\\\/#website\"},\"datePublished\":\"2024-09-28T20:52:39+00:00\",\"dateModified\":\"2025-07-13T19:00:32+00:00\",\"description\":\"This is the contact page for the View Villas Realty company. Please contact us using the following methods to find your dream home\",\"breadcrumb\":{\"@id\":\"https:\\\/\\\/viewvillasrealty.com\\\/contact-us-to-find-your-new-home\\\/#breadcrumb\"},\"inLanguage\":\"fr-FR\",\"potentialAction\":[{\"@type\":\"ReadAction\",\"target\":[\"https:\\\/\\\/viewvillasrealty.com\\\/contact-us-to-find-your-new-home\\\/\"]}]},{\"@type\":\"BreadcrumbList\",\"@id\":\"https:\\\/\\\/viewvillasrealty.com\\\/contact-us-to-find-your-new-home\\\/#breadcrumb\",\"itemListElement\":[{\"@type\":\"ListItem\",\"position\":1,\"name\":\"Home\",\"item\":\"https:\\\/\\\/viewvillasrealty.com\\\/\"},{\"@type\":\"ListItem\",\"position\":2,\"name\":\"Contact\"}]},{\"@type\":\"WebSite\",\"@id\":\"https:\\\/\\\/viewvillasrealty.com\\\/#website\",\"url\":\"https:\\\/\\\/viewvillasrealty.com\\\/\",\"name\":\"The View Villas Realty\",\"description\":\"Real estate agency\",\"publisher\":{\"@id\":\"https:\\\/\\\/viewvillasrealty.com\\\/#organization\"},\"potentialAction\":[{\"@type\":\"SearchAction\",\"target\":{\"@type\":\"EntryPoint\",\"urlTemplate\":\"https:\\\/\\\/viewvillasrealty.com\\\/?s={search_term_string}\"},\"query-input\":{\"@type\":\"PropertyValueSpecification\",\"valueRequired\":true,\"valueName\":\"search_term_string\"}}],\"inLanguage\":\"fr-FR\"},{\"@type\":\"Organization\",\"@id\":\"https:\\\/\\\/viewvillasrealty.com\\\/#organization\",\"name\":\"The View Villas Realty\",\"url\":\"https:\\\/\\\/viewvillasrealty.com\\\/\",\"logo\":{\"@type\":\"ImageObject\",\"inLanguage\":\"fr-FR\",\"@id\":\"https:\\\/\\\/viewvillasrealty.com\\\/#\\\/schema\\\/logo\\\/image\\\/\",\"url\":\"https:\\\/\\\/viewvillasrealty.com\\\/wp-content\\\/uploads\\\/2025\\\/02\\\/Frame-26.jpg\",\"contentUrl\":\"https:\\\/\\\/viewvillasrealty.com\\\/wp-content\\\/uploads\\\/2025\\\/02\\\/Frame-26.jpg\",\"width\":512,\"height\":277,\"caption\":\"The View Villas Realty\"},\"image\":{\"@id\":\"https:\\\/\\\/viewvillasrealty.com\\\/#\\\/schema\\\/logo\\\/image\\\/\"},\"sameAs\":[\"https:\\\/\\\/www.instagram.com\\\/viewvillas\\\/\"]}]}<\/script>\n<!-- \/ Yoast SEO plugin. -->","yoast_head_json":{"title":"Contact us to find your new home - The View Villas Realty","description":"This is the contact page for the View Villas Realty company. Please contact us using the following methods to find your dream home","robots":{"index":"index","follow":"follow","max-snippet":"max-snippet:-1","max-image-preview":"max-image-preview:large","max-video-preview":"max-video-preview:-1"},"canonical":"https:\/\/viewvillasrealty.com\/fr\/contact-us-to-find-your-new-home\/","og_locale":"fr_FR","og_type":"article","og_title":"Contact us to find your new home - The View Villas Realty","og_description":"This is the contact page for the View Villas Realty company. Please contact us using the following methods to find your dream home","og_url":"https:\/\/viewvillasrealty.com\/fr\/contact-us-to-find-your-new-home\/","og_site_name":"The View Villas Realty","article_modified_time":"2025-07-13T19:00:32+00:00","twitter_card":"summary_large_image","twitter_misc":{"Dur\u00e9e de lecture estim\u00e9e":"1 minute"},"schema":{"@context":"https:\/\/schema.org","@graph":[{"@type":"WebPage","@id":"https:\/\/viewvillasrealty.com\/contact-us-to-find-your-new-home\/","url":"https:\/\/viewvillasrealty.com\/contact-us-to-find-your-new-home\/","name":"Contact us to find your new home - The View Villas Realty","isPartOf":{"@id":"https:\/\/viewvillasrealty.com\/#website"},"datePublished":"2024-09-28T20:52:39+00:00","dateModified":"2025-07-13T19:00:32+00:00","description":"This is the contact page for the View Villas Realty company. Please contact us using the following methods to find your dream home","breadcrumb":{"@id":"https:\/\/viewvillasrealty.com\/contact-us-to-find-your-new-home\/#breadcrumb"},"inLanguage":"fr-FR","potentialAction":[{"@type":"ReadAction","target":["https:\/\/viewvillasrealty.com\/contact-us-to-find-your-new-home\/"]}]},{"@type":"BreadcrumbList","@id":"https:\/\/viewvillasrealty.com\/contact-us-to-find-your-new-home\/#breadcrumb","itemListElement":[{"@type":"ListItem","position":1,"name":"Home","item":"https:\/\/viewvillasrealty.com\/"},{"@type":"ListItem","position":2,"name":"Contact"}]},{"@type":"WebSite","@id":"https:\/\/viewvillasrealty.com\/#website","url":"https:\/\/viewvillasrealty.com\/","name":"The View Villas Realty","description":"Real estate agency","publisher":{"@id":"https:\/\/viewvillasrealty.com\/#organization"},"potentialAction":[{"@type":"SearchAction","target":{"@type":"EntryPoint","urlTemplate":"https:\/\/viewvillasrealty.com\/?s={search_term_string}"},"query-input":{"@type":"PropertyValueSpecification","valueRequired":true,"valueName":"search_term_string"}}],"inLanguage":"fr-FR"},{"@type":"Organization","@id":"https:\/\/viewvillasrealty.com\/#organization","name":"The View Villas Realty","url":"https:\/\/viewvillasrealty.com\/","logo":{"@type":"ImageObject","inLanguage":"fr-FR","@id":"https:\/\/viewvillasrealty.com\/#\/schema\/logo\/image\/","url":"https:\/\/viewvillasrealty.com\/wp-content\/uploads\/2025\/02\/Frame-26.jpg","contentUrl":"https:\/\/viewvillasrealty.com\/wp-content\/uploads\/2025\/02\/Frame-26.jpg","width":512,"height":277,"caption":"The View Villas Realty"},"image":{"@id":"https:\/\/viewvillasrealty.com\/#\/schema\/logo\/image\/"},"sameAs":["https:\/\/www.instagram.com\/viewvillas\/"]}]}},"_links":{"self":[{"href":"https:\/\/viewvillasrealty.com\/fr\/wp-json\/wp\/v2\/pages\/1635","targetHints":{"allow":["GET"]}}],"collection":[{"href":"https:\/\/viewvillasrealty.com\/fr\/wp-json\/wp\/v2\/pages"}],"about":[{"href":"https:\/\/viewvillasrealty.com\/fr\/wp-json\/wp\/v2\/types\/page"}],"author":[{"embeddable":true,"href":"https:\/\/viewvillasrealty.com\/fr\/wp-json\/wp\/v2\/users\/1"}],"replies":[{"embeddable":true,"href":"https:\/\/viewvillasrealty.com\/fr\/wp-json\/wp\/v2\/comments?post=1635"}],"version-history":[{"count":28,"href":"https:\/\/viewvillasrealty.com\/fr\/wp-json\/wp\/v2\/pages\/1635\/revisions"}],"predecessor-version":[{"id":2471,"href":"https:\/\/viewvillasrealty.com\/fr\/wp-json\/wp\/v2\/pages\/1635\/revisions\/2471"}],"wp:attachment":[{"href":"https:\/\/viewvillasrealty.com\/fr\/wp-json\/wp\/v2\/media?parent=1635"}],"curies":[{"name":"wp","href":"https:\/\/api.w.org\/{rel}","templated":true}]}}